{"id":56,"date":"2022-09-19T22:15:56","date_gmt":"2022-09-19T19:15:56","guid":{"rendered":"https:\/\/www.ixoralifeclinic.com\/?page_id=56"},"modified":"2024-05-14T17:05:23","modified_gmt":"2024-05-14T14:05:23","slug":"uber-uns","status":"publish","type":"page","link":"https:\/\/www.ixoralifeclinic.com\/de\/uber-uns\/","title":{"rendered":"\u00dcber Uns"},"content":{"rendered":"<div class=\"fusion-text fusion-text-1\">\n<p data-fontsize=\"23\" data-lineheight=\"38.41px\">In der T\u00fcrkei, dem Zentrum des Medizintourismus, bieten wir Dienstleistungen in Krankenh\u00e4usern mit \u00c4rzten an, die Experten auf ihrem Gebiet sind. Mit unseren hochwertigen und erschwinglichen Gesundheitsdienstleistungen geh\u00f6ren wir zu den Favoriten internationaler Patienten. Wir bieten Ihnen in unseren Vertragskliniken alle medizinischen Leistungen Ihrer Wahl an. W\u00e4hrend Ihrer Reise; Wir bieten jeden Service, den Sie ben\u00f6tigen, wie Hotel, Unterkunft, Abholung vom Flughafen, Inlandstransfers, \u00dcbersetzer.<\/p>\n<h3 class=\"fusion-responsive-typography-calculated\" data-fontsize=\"23\" data-lineheight=\"38.41px\">Gesundheitseinrichtungen, mit denen wir Vertr\u00e4ge haben<\/h3>\n<p>Ausf\u00fchrliche Informationen \u00fcber vom Gesundheitsministerium anerkannte Gesundheitseinrichtungen mit internationaler Akkreditierung als Gesundheitseinrichtung finden Sie hier. Wir bieten unseren G\u00e4sten, die Gesundheitsdienstleistungen in Anspruch nehmen m\u00f6chten, auch Vermittlungsdienste wie Transport und Unterbringung in vom Gesundheitsministerium anerkannten Krankenh\u00e4usern an. Als Ixora Life profitieren wir von folgenden Gesundheitseinrichtungen.<\/p>\n<\/div>\n<div class=\"fusion-builder-row fusion-builder-row-inner fusion-row fusion-flex-align-items-flex-start\">\n<div class=\"fusion-layout-column fusion_builder_column_inner fusion-builder-nested-column-0 fusion_builder_column_inner_1_3 1_3 fusion-flex-column\">\n<div class=\"fusion-column-wrapper fusion-flex-justify-content-flex-start fusion-content-layout-column\"><img loading=\"lazy\" decoding=\"async\" class=\"alignnone size-full wp-image-1140\" src=\"https:\/\/www.ixorasaglikturizm.com\/wp-content\/uploads\/2023\/01\/tursab-turk-1.png\" alt=\"\" width=\"250\" height=\"100\" \/> <img loading=\"lazy\" decoding=\"async\" class=\"alignnone size-full wp-image-1144\" src=\"https:\/\/www.ixorasaglikturizm.com\/wp-content\/uploads\/2023\/01\/images_1.jpg\" alt=\"\" width=\"174\" height=\"232\" \/> <img loading=\"lazy\" decoding=\"async\" class=\"alignnone size-medium wp-image-1147\" src=\"https:\/\/www.ixorasaglikturizm.com\/wp-content\/uploads\/2023\/01\/vadiliv-300x300.png\" alt=\"\" width=\"300\" height=\"300\" \/> <img loading=\"lazy\" decoding=\"async\" class=\"alignnone size-full wp-image-1150\" src=\"https:\/\/www.ixorasaglikturizm.com\/wp-content\/uploads\/2023\/01\/indir.jpeg\" alt=\"\" width=\"224\" height=\"224\" \/><img loading=\"lazy\" decoding=\"async\" src=\"https:\/\/www.ixoralifeclinic.com\/de\/wp-content\/uploads\/2024\/05\/kolanint.jpg\" alt=\"\" width=\"224\" height=\"224\" class=\"alignnone size-full wp-image-864\" srcset=\"https:\/\/www.ixoralifeclinic.com\/de\/wp-content\/uploads\/2024\/05\/kolanint.jpg 224w, https:\/\/www.ixoralifeclinic.com\/de\/wp-content\/uploads\/2024\/05\/kolanint-150x150.jpg 150w, https:\/\/www.ixoralifeclinic.com\/de\/wp-content\/uploads\/2024\/05\/kolanint-100x100.jpg 100w\" sizes=\"auto, (max-width: 224px) 100vw, 224px\" \/><\/div>\n<\/div>\n<\/div>\n<h2>Ixora Life Clinic<\/h2>\n<p>Als Ixora Life Family, die mit modernster Technologie und fachkundigem Personal in kurzer Zeit Patientenakzeptanz auf internationalem Niveau bietet, produzieren wir L\u00f6sungen in den Bereichen plastische Chirurgie, Adipositaschirurgie, Zahnbehandlungen und medizinische \u00c4sthetik, insbesondere Haartransplantation und Behandlungen.<\/p>\n<p>Wir sind immer an Ihrer Seite mit unserem fachkundigen Personal, das wei\u00df, dass Gesundheit wertvoller ist als alles andere&#8230;<\/p>\n<p>UNSERE GRUNDPRINZIPIEN UND WERTE<\/p>\n<h2>Unsere Aufgabe<\/h2>\n<p>Die Ixora Life Clinic w\u00e4chst mit dem Wert, den sie von ihren Patienten erh\u00e4lt, indem sie einen gastorientierten Ansatz, erfahrenes \u00c4rztepersonal und multidisziplin\u00e4re Arbeit kombiniert. Ziel ist es, Pionier f\u00fcr zuverl\u00e4ssige und qualitativ hochwertige Gesundheitsdienstleistungen zu sein. Als Ixora Life Clinic, deren Ziel es ist, der Welt gleichzeitig fortschrittliche Diagnose- und Behandlungsmethoden zug\u00e4nglich zu machen, ist \u201eIhre Gesundheit und Sch\u00f6nheit\u201c unser Ziel.<\/p>\n<p>Die Ixora Life Clinic, die mit ihrem professionellen Ansatz und ihrer fortschrittlichen Technologie im Gesundheitswesen st\u00e4ndig die Messlatte in ihrer Branche h\u00f6her legt, bringt Patienten mit den von ihr angebotenen hochwertigen Gesundheitsdiensten mit Gesundheit und Sch\u00f6nheit zusammen.<\/p>\n","protected":false},"excerpt":{"rendered":"<p>In der T\u00fcrkei, dem Zentrum des Medizintourismus, bieten wir Dienstleistungen in Krankenh\u00e4usern mit \u00c4rzten an, die Experten auf ihrem Gebiet sind. Mit unseren hochwertigen und erschwinglichen Gesundheitsdienstleistungen geh\u00f6ren wir zu den Favoriten internationaler Patienten. Wir bieten Ihnen in unseren Vertragskliniken alle medizinischen Leistungen Ihrer Wahl an. W\u00e4hrend Ihrer Reise; Wir bieten jeden Service, den Sie [&hellip;]<\/p>\n","protected":false},"author":1,"featured_media":63,"parent":0,"menu_order":0,"comment_status":"closed","ping_status":"closed","template":"","meta":{"footnotes":""},"class_list":["post-56","page","type-page","status-publish","has-post-thumbnail","hentry"],"_links":{"self":[{"href":"https:\/\/www.ixoralifeclinic.com\/de\/wp-json\/wp\/v2\/pages\/56","targetHints":{"allow":["GET"]}}],"collection":[{"href":"https:\/\/www.ixoralifeclinic.com\/de\/wp-json\/wp\/v2\/pages"}],"about":[{"href":"https:\/\/www.ixoralifeclinic.com\/de\/wp-json\/wp\/v2\/types\/page"}],"author":[{"embeddable":true,"href":"https:\/\/www.ixoralifeclinic.com\/de\/wp-json\/wp\/v2\/users\/1"}],"replies":[{"embeddable":true,"href":"https:\/\/www.ixoralifeclinic.com\/de\/wp-json\/wp\/v2\/comments?post=56"}],"version-history":[{"count":13,"href":"https:\/\/www.ixoralifeclinic.com\/de\/wp-json\/wp\/v2\/pages\/56\/revisions"}],"predecessor-version":[{"id":865,"href":"https:\/\/www.ixoralifeclinic.com\/de\/wp-json\/wp\/v2\/pages\/56\/revisions\/865"}],"wp:featuredmedia":[{"embeddable":true,"href":"https:\/\/www.ixoralifeclinic.com\/de\/wp-json\/wp\/v2\/media\/63"}],"wp:attachment":[{"href":"https:\/\/www.ixoralifeclinic.com\/de\/wp-json\/wp\/v2\/media?parent=56"}],"curies":[{"name":"wp","href":"https:\/\/api.w.org\/{rel}","templated":true}]}}